{"id":34,"date":"2025-01-02T14:15:39","date_gmt":"2025-01-02T14:15:39","guid":{"rendered":"https:\/\/redpazinde.org\/programas\/"},"modified":"2025-07-03T23:22:52","modified_gmt":"2025-07-03T23:22:52","slug":"nuestros-programas","status":"publish","type":"page","link":"https:\/\/redpazinde.org\/en\/nuestros-programas\/","title":{"rendered":"Our Programs"},"content":{"rendered":"<div class=\"wp-block-group alignfull hostinger-ai-gallery-2 hostinger-ai-fade-up is-layout-flow wp-block-group-is-layout-flow\" data-aos=\"fade-up\">\n<h1 class=\"wp-block-heading\">Our work approach and with who we work<\/h1>\n\n\n\n<div class=\"wp-block-group is-content-justification-center is-nowrap is-layout-flex wp-container-core-group-is-layout-23441af8 wp-block-group-is-layout-flex\">\n<div class=\"wp-block-group is-vertical is-content-justification-center is-layout-flex wp-container-core-group-is-layout-fa38c63a wp-block-group-is-layout-flex\">\n<figure class=\"wp-block-image size-large is-resized\"><img loading=\"lazy\" decoding=\"async\" width=\"1024\" height=\"683\" src=\"https:\/\/redpazinde.org\/wp-content\/uploads\/2025\/01\/DSC_0090-1024x683.jpg\" alt=\"\" class=\"wp-image-414\" style=\"width:589px;height:auto\" srcset=\"https:\/\/redpazinde.org\/wp-content\/uploads\/2025\/01\/DSC_0090-1024x683.jpg 1024w, https:\/\/redpazinde.org\/wp-content\/uploads\/2025\/01\/DSC_0090-300x200.jpg 300w, https:\/\/redpazinde.org\/wp-content\/uploads\/2025\/01\/DSC_0090-768x512.jpg 768w, https:\/\/redpazinde.org\/wp-content\/uploads\/2025\/01\/DSC_0090-1536x1024.jpg 1536w, https:\/\/redpazinde.org\/wp-content\/uploads\/2025\/01\/DSC_0090-2048x1365.jpg 2048w\" sizes=\"auto, (max-width: 1024px) 100vw, 1024px\" \/><\/figure>\n\n\n\n<h2 class=\"wp-block-heading\">Youth<\/h2>\n\n\n\n<p class=\"has-text-align-center\">We have an inclusive approach to promote youth leadership in rural and urban contexts. We believe in intergenerational equity as a principle for the effective participation of young people.<\/p>\n<\/div>\n\n\n\n<div class=\"wp-block-group is-vertical is-content-justification-center is-layout-flex wp-container-core-group-is-layout-b6c1f246 wp-block-group-is-layout-flex\">\n<figure class=\"wp-block-image size-large is-resized\"><img loading=\"lazy\" decoding=\"async\" width=\"1024\" height=\"683\" src=\"https:\/\/redpazinde.org\/wp-content\/uploads\/2025\/01\/14305233_10153686414387721_3466896992877347156_o-1024x683.jpg\" alt=\"\" class=\"wp-image-417\" style=\"width:587px;height:auto\" srcset=\"https:\/\/redpazinde.org\/wp-content\/uploads\/2025\/01\/14305233_10153686414387721_3466896992877347156_o-1024x683.jpg 1024w, https:\/\/redpazinde.org\/wp-content\/uploads\/2025\/01\/14305233_10153686414387721_3466896992877347156_o-300x200.jpg 300w, https:\/\/redpazinde.org\/wp-content\/uploads\/2025\/01\/14305233_10153686414387721_3466896992877347156_o-768x512.jpg 768w, https:\/\/redpazinde.org\/wp-content\/uploads\/2025\/01\/14305233_10153686414387721_3466896992877347156_o.jpg 1500w\" sizes=\"auto, (max-width: 1024px) 100vw, 1024px\" \/><\/figure>\n\n\n\n<h2 class=\"wp-block-heading\">Women<\/h2>\n\n\n\n<p class=\"has-text-align-center\">As a fundamental part of our society and the world, Red PAZINDE is committed to the values of the defense of women's rights. We work in the promotion of their participation in decision making in social, economic and environmental areas.<\/p>\n<\/div>\n\n\n\n<div class=\"wp-block-group is-vertical is-content-justification-center is-layout-flex wp-container-core-group-is-layout-b6c1f246 wp-block-group-is-layout-flex\">\n<figure class=\"wp-block-image size-large is-resized\"><img loading=\"lazy\" decoding=\"async\" width=\"1024\" height=\"768\" src=\"https:\/\/redpazinde.org\/wp-content\/uploads\/2025\/01\/WhatsApp-Image-2025-01-03-at-09.31.42-1024x768.jpeg\" alt=\"\" class=\"wp-image-449\" style=\"width:520px;height:auto\" srcset=\"https:\/\/redpazinde.org\/wp-content\/uploads\/2025\/01\/WhatsApp-Image-2025-01-03-at-09.31.42-1024x768.jpeg 1024w, https:\/\/redpazinde.org\/wp-content\/uploads\/2025\/01\/WhatsApp-Image-2025-01-03-at-09.31.42-300x225.jpeg 300w, https:\/\/redpazinde.org\/wp-content\/uploads\/2025\/01\/WhatsApp-Image-2025-01-03-at-09.31.42-768x576.jpeg 768w, https:\/\/redpazinde.org\/wp-content\/uploads\/2025\/01\/WhatsApp-Image-2025-01-03-at-09.31.42-1536x1152.jpeg 1536w, https:\/\/redpazinde.org\/wp-content\/uploads\/2025\/01\/WhatsApp-Image-2025-01-03-at-09.31.42.jpeg 1600w\" sizes=\"auto, (max-width: 1024px) 100vw, 1024px\" \/><\/figure>\n\n\n\n<h2 class=\"wp-block-heading has-text-align-center\">Indigenous Peoples<\/h2>\n\n\n\n<p class=\"has-text-align-center\">Indigenous peoples and communities represent our roots; That's why our organization incorporates the visions from the indigenous women that are involved in our team, respectfully and with cultural relevance.<\/p>\n<\/div>\n<\/div>\n<\/div>\n\n\n\n<h1 class=\"wp-block-heading alignfull\">FLAGSHIP PROJECTS<\/h1>\n\n\n\n<div style=\"height:21px\" aria-hidden=\"true\" class=\"wp-block-spacer\"><\/div>\n\n\n\n<div class=\"wp-block-group alignfull is-content-justification-center is-nowrap is-layout-flex wp-container-core-group-is-layout-ff976b70 wp-block-group-is-layout-flex\">\n<div class=\"wp-block-group is-vertical is-content-justification-center is-layout-flex wp-container-core-group-is-layout-ce155fab wp-block-group-is-layout-flex\">\n<h2 class=\"wp-block-heading has-text-align-center\">\ud83d\ude4c<strong>\ud83d\uded6<\/strong>RESILIENT COMMUNITIES AND INDIGENOUS SOCIO-ENVIRONMENTAL MONITORING <strong>\ud83c\udf33<\/strong><br><\/h2>\n\n\n\n<ul class=\"wp-block-list\">\n<li>Formation of indigenous environmental monitors people's in the Bolivian Chaco, and tri-national (ARG-BOL-PAR).<\/li>\n\n\n\n<li>Revalue and cultural rescue of ancestral knowledge, including the use of medicinal plants, and climate resiliency applied to indigenous knowledge systems.<\/li>\n<\/ul>\n\n\n\n<h2 class=\"wp-block-heading has-text-align-center\">\ud83c\udf0eInternational SDG academy \ud83d\udcda<\/h2>\n\n\n\n<ul class=\"wp-block-list\">\n<li>Courses, workshops and awareness for young people in Latin America to implement projects with SDG indicators.<\/li>\n\n\n\n<li>Review of Reports, Plans and Programs for sub-national governments within the framework of the SDGs.<\/li>\n\n\n\n<li>SDGs territorialisation strategies design from sub-national perspectives in indigenous languages.<\/li>\n<\/ul>\n\n\n\n<h2 class=\"wp-block-heading has-text-align-center\"><strong>\ud83c\udf31Escaz\u00fa School in Bolivia and Latin America\ud83c\udf92<\/strong><\/h2>\n\n\n\n<ul class=\"wp-block-list\">\n<li>Training program and implementation of Escaz\u00fa School for adolescents and young people of the Chaco and Amazon regions in Bolivia.<\/li>\n\n\n\n<li>Use of technologies and social networks to create content on the Escaz\u00fa Agreement.<\/li>\n\n\n\n<li>Escaz\u00fa in indigenous languages and their incidence in territories. Review of national plans and roadmaps for the implementation of Escaz\u00fa standards.<\/li>\n<\/ul>\n\n\n\n<h2 class=\"wp-block-heading\">\ud83d\uddf3Observaci\u00f3n electoral\ud83d\udc53<\/h2>\n\n\n\n<ul class=\"wp-block-list\">\n<li>Formaci\u00f3n en educaci\u00f3n c\u00edvica electoral en idiomas.<\/li>\n\n\n\n<li>Reporte de sucesos alrededor de elementos pre-electorales, del d\u00eda de votaci\u00f3n y post-electorales en Pando y el \u00e1rea rural de Santa Cruz.<\/li>\n\n\n\n<li>Reclutamiento de observadores\/as electorales ind\u00edgenas.<\/li>\n<\/ul>\n<\/div>\n\n\n\n<div class=\"wp-block-group is-vertical is-content-justification-center is-layout-flex wp-container-core-group-is-layout-ce155fab wp-block-group-is-layout-flex\">\n<h2 class=\"wp-block-heading has-text-align-center\">\ud83d\ude4b\ud83e\uddd1\u200d\ud83c\udfebClimate Change COP Simulation and Model\ud83c\uddfa\ud83c\uddf3<\/h2>\n\n\n\n<ul class=\"wp-block-list\">\n<li>COP model simulations for young university students in urban contexts.<\/li>\n\n\n\n<li>COP simulation and model for young indigenous people in Latin America.<\/li>\n\n\n\n<li>Guidelines to participate as young people in international spaces such as Climate Change, Biodiversity, Desertification and Escaz\u00fa Conference of the Parties (COPs).<\/li>\n<\/ul>\n\n\n\n<h2 class=\"wp-block-heading has-text-align-center\"><strong>\ud83e\udd1dEnvironmental Defenders\ud83d\udfe2<\/strong><\/h2>\n\n\n\n<ul class=\"wp-block-list\">\n<li>Creation of a Latin American network of environmental defenders in the Amazon region.<\/li>\n\n\n\n<li>Environmental education and territorial defense strategies, including water pollution measurement, and public environmental impact.<\/li>\n\n\n\n<li>Consolidation of the Environmental Justice concept according to indigenous worldviews, and institutional dialogue between the ordinary justice system and indigenous justice to implement routes of environmental complaints and competent environmental authorities.<\/li>\n<\/ul>\n\n\n\n<h2 class=\"wp-block-heading has-text-align-center\"><strong>\ud83d\udeba<\/strong>INDIGENOUS WOMEN, Justice, and Climate Diplomacy<strong>\u2696\ufe0f<\/strong><\/h2>\n\n\n\n<ul class=\"wp-block-list\">\n<li>Adaptation policies to Climate Change and diplomacy with a focus on gender and inclusivity.<\/li>\n\n\n\n<li>Community plans for climate adaptation incorporated into National Adaptation Plans (NAPs).<\/li>\n\n\n\n<li>Linking gender and climate justice, national plans and sub-national strategies on gender and climate change.<\/li>\n<\/ul>\n\n\n\n<h2 class=\"wp-block-heading\">\ud83c\udf99\ufe0fComunicaci\u00f3n ind\u00edgena en contextos electorales\ud83d\uddf3<\/h2>\n\n\n\n<ul class=\"wp-block-list\">\n<li>Contribuci\u00f3n a un mejor conocimiento y apropiaci\u00f3n de las pr\u00e1cticas institucionales, valores y principios del sistema democr\u00e1tico.<\/li>\n\n\n\n<li>Promoci\u00f3n de\u00a0la participaci\u00f3n informada de la ciudadan\u00eda enfocada en poblaciones ind\u00edgenas de los departamentos de la denominada cuenca Amaz\u00f3nica (Beni, La Paz, Pando y Santa Cruz) para posibilitar la generaci\u00f3n de entornos auspiciosos para el desarrollo de procesos electorales cre\u00edbles e inclusivos.<\/li>\n\n\n\n<li>Producci\u00f3n de cu\u00f1as y podcasts en idiomas ind\u00edgenas.<\/li>\n<\/ul>\n<\/div>\n<\/div>","protected":false},"excerpt":{"rendered":"<p>NUESTROs ENFOQUEs DE TRABAJO y con qui\u00e9nes trabajamos J\u00f3venes Trabajamos desde un enfoque inclusivo promoviendo los liderazgos juveniles en contextos rurales y urbanos diversos. Creemos en la equidad intergeneracional como un principio para la participaci\u00f3n efectiva de las y los j\u00f3venes. Mujeres Como parte fundamental de nuestra sociedad y el mundo, Red PAZINDE est\u00e1 comprometida [&hellip;]<\/p>","protected":false},"author":1,"featured_media":0,"parent":0,"menu_order":0,"comment_status":"closed","ping_status":"closed","template":"","meta":{"give_campaign_id":0,"footnotes":""},"class_list":["post-34","page","type-page","status-publish","hentry"],"campaignId":"","amp_enabled":true,"_links":{"self":[{"href":"https:\/\/redpazinde.org\/en\/wp-json\/wp\/v2\/pages\/34","targetHints":{"allow":["GET"]}}],"collection":[{"href":"https:\/\/redpazinde.org\/en\/wp-json\/wp\/v2\/pages"}],"about":[{"href":"https:\/\/redpazinde.org\/en\/wp-json\/wp\/v2\/types\/page"}],"author":[{"embeddable":true,"href":"https:\/\/redpazinde.org\/en\/wp-json\/wp\/v2\/users\/1"}],"replies":[{"embeddable":true,"href":"https:\/\/redpazinde.org\/en\/wp-json\/wp\/v2\/comments?post=34"}],"version-history":[{"count":28,"href":"https:\/\/redpazinde.org\/en\/wp-json\/wp\/v2\/pages\/34\/revisions"}],"predecessor-version":[{"id":733,"href":"https:\/\/redpazinde.org\/en\/wp-json\/wp\/v2\/pages\/34\/revisions\/733"}],"wp:attachment":[{"href":"https:\/\/redpazinde.org\/en\/wp-json\/wp\/v2\/media?parent=34"}],"curies":[{"name":"wp","href":"https:\/\/api.w.org\/{rel}","templated":true}]}}