{"id":33,"date":"2025-01-02T14:15:39","date_gmt":"2025-01-02T14:15:39","guid":{"rendered":"https:\/\/redpazinde.org\/quienes-somos\/"},"modified":"2025-08-27T15:28:03","modified_gmt":"2025-08-27T15:28:03","slug":"quienes-somos","status":"publish","type":"page","link":"https:\/\/redpazinde.org\/en\/quienes-somos\/","title":{"rendered":"Who we are?"},"content":{"rendered":"<p class=\"has-text-align-center\"><em><strong>We are a Bolivian Civil Society Organization legally constituted since 2008, by the Administrative Resolution 291\/08. We are youth, indigenous and afro-descendants women leaders, dedicated to the design and implementation of social, economic and environmental projects that respond to the needs in various contexts in rural and urban areas.<\/strong><\/em><\/p>\n\n\n\n<div class=\"wp-block-group alignwide is-nowrap is-layout-flex wp-container-core-group-is-layout-6c531013 wp-block-group-is-layout-flex\">\n<figure class=\"wp-block-image size-large is-resized\"><img loading=\"lazy\" decoding=\"async\" width=\"1024\" height=\"683\" src=\"https:\/\/redpazinde.org\/wp-content\/uploads\/2025\/01\/Foto-quienes-somos-6-1024x683.jpg\" alt=\"\" class=\"wp-image-199\" style=\"width:288px;height:auto\" srcset=\"https:\/\/redpazinde.org\/wp-content\/uploads\/2025\/01\/Foto-quienes-somos-6-1024x683.jpg 1024w, https:\/\/redpazinde.org\/wp-content\/uploads\/2025\/01\/Foto-quienes-somos-6-300x200.jpg 300w, https:\/\/redpazinde.org\/wp-content\/uploads\/2025\/01\/Foto-quienes-somos-6-768x512.jpg 768w, https:\/\/redpazinde.org\/wp-content\/uploads\/2025\/01\/Foto-quienes-somos-6.jpg 1500w\" sizes=\"auto, (max-width: 1024px) 100vw, 1024px\" \/><\/figure>\n\n\n\n<figure class=\"wp-block-image size-large is-resized\"><img loading=\"lazy\" decoding=\"async\" width=\"1024\" height=\"575\" src=\"https:\/\/redpazinde.org\/wp-content\/uploads\/2025\/01\/Foto-quienes-somos-4-edited-1024x575.jpg\" alt=\"\" class=\"wp-image-585\" style=\"width:296px;height:auto\" srcset=\"https:\/\/redpazinde.org\/wp-content\/uploads\/2025\/01\/Foto-quienes-somos-4-edited-1024x575.jpg 1024w, https:\/\/redpazinde.org\/wp-content\/uploads\/2025\/01\/Foto-quienes-somos-4-edited-300x169.jpg 300w, https:\/\/redpazinde.org\/wp-content\/uploads\/2025\/01\/Foto-quienes-somos-4-edited-768x432.jpg 768w, https:\/\/redpazinde.org\/wp-content\/uploads\/2025\/01\/Foto-quienes-somos-4-edited-1536x863.jpg 1536w, https:\/\/redpazinde.org\/wp-content\/uploads\/2025\/01\/Foto-quienes-somos-4-edited.jpg 1920w\" sizes=\"auto, (max-width: 1024px) 100vw, 1024px\" \/><\/figure>\n\n\n\n<figure class=\"wp-block-image size-large is-resized\"><img loading=\"lazy\" decoding=\"async\" width=\"1024\" height=\"576\" src=\"https:\/\/redpazinde.org\/wp-content\/uploads\/2025\/01\/Foto-quienes-somos-1-edited-1-1024x576.jpeg\" alt=\"\" class=\"wp-image-586\" style=\"width:294px;height:auto\" srcset=\"https:\/\/redpazinde.org\/wp-content\/uploads\/2025\/01\/Foto-quienes-somos-1-edited-1-1024x576.jpeg 1024w, https:\/\/redpazinde.org\/wp-content\/uploads\/2025\/01\/Foto-quienes-somos-1-edited-1-300x169.jpeg 300w, https:\/\/redpazinde.org\/wp-content\/uploads\/2025\/01\/Foto-quienes-somos-1-edited-1-768x432.jpeg 768w, https:\/\/redpazinde.org\/wp-content\/uploads\/2025\/01\/Foto-quienes-somos-1-edited-1-1536x864.jpeg 1536w, https:\/\/redpazinde.org\/wp-content\/uploads\/2025\/01\/Foto-quienes-somos-1-edited-1.jpeg 1600w\" sizes=\"auto, (max-width: 1024px) 100vw, 1024px\" \/><\/figure>\n<\/div>\n\n\n\n<h2 class=\"wp-block-heading alignwide has-text-align-center\">DIRECTORATE<br>2024-2026<\/h2>\n\n\n\n<div class=\"wp-block-group alignfull is-content-justification-center is-nowrap is-layout-flex wp-container-core-group-is-layout-ff976b70 wp-block-group-is-layout-flex\">\n<div class=\"wp-block-group is-vertical is-content-justification-center is-layout-flex wp-container-core-group-is-layout-ce155fab wp-block-group-is-layout-flex\">\n<figure class=\"wp-block-image size-full is-resized\"><img loading=\"lazy\" decoding=\"async\" width=\"738\" height=\"870\" src=\"https:\/\/redpazinde.org\/wp-content\/uploads\/2025\/01\/Lorena-1.jpg\" alt=\"\" class=\"wp-image-597\" style=\"width:155px;height:auto\" srcset=\"https:\/\/redpazinde.org\/wp-content\/uploads\/2025\/01\/Lorena-1.jpg 738w, https:\/\/redpazinde.org\/wp-content\/uploads\/2025\/01\/Lorena-1-254x300.jpg 254w\" sizes=\"auto, (max-width: 738px) 100vw, 738px\" \/><\/figure>\n\n\n\n<h2 class=\"wp-block-heading has-text-align-center\">Lorena Terrazas<\/h2>\n\n\n\n<h4 class=\"wp-block-heading\">President<\/h4>\n\n\n\n<p class=\"has-text-align-center\"><br>Internationalist and a practicing environmental lawyer specialist in climate change and indigenous peoples, and gender specialist<\/p>\n<\/div>\n\n\n\n<div class=\"wp-block-group is-vertical is-content-justification-center is-layout-flex wp-container-core-group-is-layout-5e763914 wp-block-group-is-layout-flex\">\n<figure class=\"wp-block-image size-full is-resized\"><img loading=\"lazy\" decoding=\"async\" width=\"720\" height=\"960\" src=\"https:\/\/redpazinde.org\/wp-content\/uploads\/2025\/01\/Juliana-edited.jpg\" alt=\"\" class=\"wp-image-566\" style=\"width:139px;height:auto\" srcset=\"https:\/\/redpazinde.org\/wp-content\/uploads\/2025\/01\/Juliana-edited.jpg 720w, https:\/\/redpazinde.org\/wp-content\/uploads\/2025\/01\/Juliana-edited-225x300.jpg 225w\" sizes=\"auto, (max-width: 720px) 100vw, 720px\" \/><\/figure>\n\n\n\n<h2 class=\"wp-block-heading has-text-align-center\">Juliana Burgos<\/h2>\n\n\n\n<h4 class=\"wp-block-heading has-text-align-center\">Secretary of Management of Projects and Cooperation<\/h4>\n\n\n\n<p class=\"has-text-align-center\">Internationalist specialized in social projects and events organization<\/p>\n<\/div>\n\n\n\n<div class=\"wp-block-group is-vertical is-content-justification-center is-layout-flex wp-container-core-group-is-layout-5e763914 wp-block-group-is-layout-flex\">\n<figure class=\"wp-block-image size-full is-resized\"><img loading=\"lazy\" decoding=\"async\" width=\"569\" height=\"758\" src=\"https:\/\/redpazinde.org\/wp-content\/uploads\/2025\/01\/Libertad-edited.jpeg\" alt=\"\" class=\"wp-image-567\" style=\"width:140px;height:auto\" srcset=\"https:\/\/redpazinde.org\/wp-content\/uploads\/2025\/01\/Libertad-edited.jpeg 569w, https:\/\/redpazinde.org\/wp-content\/uploads\/2025\/01\/Libertad-edited-225x300.jpeg 225w\" sizes=\"auto, (max-width: 569px) 100vw, 569px\" \/><\/figure>\n\n\n\n<h2 class=\"wp-block-heading has-text-align-center\">Libertad Abayo<\/h2>\n\n\n\n<h4 class=\"wp-block-heading has-text-align-center\">Secretary of Finance<\/h4>\n\n\n\n<p class=\"has-text-align-center\"><br>Expert Accountant in management of non-governmental organizations<\/p>\n<\/div>\n<\/div>\n\n\n\n<h2 class=\"wp-block-heading has-text-align-center\">TECHNICAL TEAM<\/h2>\n\n\n\n<div class=\"wp-block-group alignfull is-content-justification-center is-nowrap is-layout-flex wp-container-core-group-is-layout-ff976b70 wp-block-group-is-layout-flex\">\n<div class=\"wp-block-group is-vertical is-content-justification-center is-layout-flex wp-container-core-group-is-layout-ce155fab wp-block-group-is-layout-flex\">\n<figure class=\"wp-block-image size-full is-resized\"><img loading=\"lazy\" decoding=\"async\" width=\"429\" height=\"571\" src=\"https:\/\/redpazinde.org\/wp-content\/uploads\/2025\/01\/Claudia-edited.jpg\" alt=\"\" class=\"wp-image-574\" style=\"width:145px;height:auto\" srcset=\"https:\/\/redpazinde.org\/wp-content\/uploads\/2025\/01\/Claudia-edited.jpg 429w, https:\/\/redpazinde.org\/wp-content\/uploads\/2025\/01\/Claudia-edited-225x300.jpg 225w\" sizes=\"auto, (max-width: 429px) 100vw, 429px\" \/><\/figure>\n\n\n\n<h2 class=\"wp-block-heading has-text-align-center\">CLAUDIA VILLCA<\/h2>\n\n\n\n<h4 class=\"wp-block-heading has-text-align-center\">Coordinadora del \u00c1rea de Paz<\/h4>\n\n\n\n<p class=\"has-text-align-center\">Abogada especializada en derechos humanos, derechos de<br>las mujeres y privados de libertad<\/p>\n<\/div>\n\n\n\n<div class=\"wp-block-group is-vertical is-content-justification-center is-layout-flex wp-container-core-group-is-layout-ce155fab wp-block-group-is-layout-flex\">\n<figure class=\"wp-block-image size-large is-resized\"><img loading=\"lazy\" decoding=\"async\" width=\"759\" height=\"1024\" src=\"https:\/\/redpazinde.org\/wp-content\/uploads\/2025\/01\/Silvia-1-759x1024.jpg\" alt=\"\" class=\"wp-image-577\" style=\"width:142px;height:auto\" srcset=\"https:\/\/redpazinde.org\/wp-content\/uploads\/2025\/01\/Silvia-1-759x1024.jpg 759w, https:\/\/redpazinde.org\/wp-content\/uploads\/2025\/01\/Silvia-1-222x300.jpg 222w, https:\/\/redpazinde.org\/wp-content\/uploads\/2025\/01\/Silvia-1-768x1036.jpg 768w, https:\/\/redpazinde.org\/wp-content\/uploads\/2025\/01\/Silvia-1-1139x1536.jpg 1139w, https:\/\/redpazinde.org\/wp-content\/uploads\/2025\/01\/Silvia-1.jpg 1518w\" sizes=\"auto, (max-width: 759px) 100vw, 759px\" \/><\/figure>\n\n\n\n<h2 class=\"wp-block-heading has-text-align-center\">SILVIA LIPA<\/h2>\n\n\n\n<h4 class=\"wp-block-heading has-text-align-center\">Coordinadora del \u00c1rea de <br>Desarrollo y Medio Ambiente<\/h4>\n\n\n\n<p class=\"has-text-align-center\">T\u00e9cnica en piscicultura, apicultura y agroecolog\u00eda<br>en la regi\u00f3n amaz\u00f3nica<\/p>\n<\/div>\n<\/div>\n\n\n\n<h2 class=\"wp-block-heading has-text-align-center\">INTERNATIONAL EXPERTS<br>COUNCIL 2025-2027<\/h2>\n\n\n\n<div class=\"wp-block-group is-content-justification-center is-nowrap is-layout-flex wp-container-core-group-is-layout-23441af8 wp-block-group-is-layout-flex\">\n<div class=\"wp-block-group is-vertical is-content-justification-center is-layout-flex wp-container-core-group-is-layout-ce155fab wp-block-group-is-layout-flex\">\n<h2 class=\"wp-block-heading has-text-align-center\">Argentina<\/h2>\n\n\n\n<p><\/p>\n<\/div>\n\n\n\n<div class=\"wp-block-group is-vertical is-content-justification-center is-layout-flex wp-container-core-group-is-layout-ce155fab wp-block-group-is-layout-flex\">\n<h2 class=\"wp-block-heading has-text-align-center\">Bolivia<\/h2>\n\n\n\n<p><\/p>\n<\/div>\n\n\n\n<div class=\"wp-block-group is-vertical is-content-justification-center is-layout-flex wp-container-core-group-is-layout-ce155fab wp-block-group-is-layout-flex\">\n<h2 class=\"wp-block-heading has-text-align-center\">Brazil<\/h2>\n\n\n\n<p><\/p>\n<\/div>\n\n\n\n<div class=\"wp-block-group is-vertical is-content-justification-center is-layout-flex wp-container-core-group-is-layout-ce155fab wp-block-group-is-layout-flex\">\n<h2 class=\"wp-block-heading has-text-align-center\">Spain<\/h2>\n\n\n\n<p><\/p>\n<\/div>\n<\/div>","protected":false},"excerpt":{"rendered":"<p>Somos una organizaci\u00f3n civil boliviana constituida legalmente desde el a\u00f1o 2008, mediante Resoluci\u00f3n Administrativa 291\/08, conformada por mujeres l\u00edderes, j\u00f3venes, ind\u00edgenas y afrodescendientes, dedicadas al dise\u00f1o y ejecuci\u00f3n de proyectos sociales, econ\u00f3micos y ambientales que responden a las necesidades en diversos contextos rurales y urbanos. DIRECTORIO2024-2026 Lorena terrazas Presidenta Internacionalista y abogada ambiental especialista en [&hellip;]<\/p>","protected":false},"author":1,"featured_media":0,"parent":0,"menu_order":0,"comment_status":"closed","ping_status":"closed","template":"","meta":{"give_campaign_id":0,"footnotes":""},"class_list":["post-33","page","type-page","status-publish","hentry"],"campaignId":"","amp_enabled":true,"_links":{"self":[{"href":"https:\/\/redpazinde.org\/en\/wp-json\/wp\/v2\/pages\/33","targetHints":{"allow":["GET"]}}],"collection":[{"href":"https:\/\/redpazinde.org\/en\/wp-json\/wp\/v2\/pages"}],"about":[{"href":"https:\/\/redpazinde.org\/en\/wp-json\/wp\/v2\/types\/page"}],"author":[{"embeddable":true,"href":"https:\/\/redpazinde.org\/en\/wp-json\/wp\/v2\/users\/1"}],"replies":[{"embeddable":true,"href":"https:\/\/redpazinde.org\/en\/wp-json\/wp\/v2\/comments?post=33"}],"version-history":[{"count":46,"href":"https:\/\/redpazinde.org\/en\/wp-json\/wp\/v2\/pages\/33\/revisions"}],"predecessor-version":[{"id":751,"href":"https:\/\/redpazinde.org\/en\/wp-json\/wp\/v2\/pages\/33\/revisions\/751"}],"wp:attachment":[{"href":"https:\/\/redpazinde.org\/en\/wp-json\/wp\/v2\/media?parent=33"}],"curies":[{"name":"wp","href":"https:\/\/api.w.org\/{rel}","templated":true}]}}