{"id":157,"date":"2025-01-03T13:47:07","date_gmt":"2025-01-03T13:47:07","guid":{"rendered":"https:\/\/redpazinde.org\/?page_id=157"},"modified":"2025-01-09T14:01:48","modified_gmt":"2025-01-09T14:01:48","slug":"derecho-internacional-pueblos-indigenas","status":"publish","type":"page","link":"https:\/\/redpazinde.org\/en\/derecho-internacional-pueblos-indigenas\/","title":{"rendered":"International Indigenous Peoples' Law - (page under translation)"},"content":{"rendered":"<h2 class=\"wp-block-heading\">CONVENIOS, TRATADOS y declaraciones<\/h2>\n\n\n\n<figure class=\"wp-block-table alignfull is-style-stripes\"><table class=\"has-fixed-layout\"><tbody><tr><td class=\"has-text-align-center\" data-align=\"center\"><strong>Nombre<\/strong><\/td><td class=\"has-text-align-center\" data-align=\"center\"><strong>Tem\u00e1tica \/ Prop\u00f3sito<\/strong><\/td><td class=\"has-text-align-center\" data-align=\"center\"><strong>A\u00f1o<\/strong><\/td><td class=\"has-text-align-center\" data-align=\"center\"><strong><strong>Fecha de emisi\u00f3n de la legislaci\u00f3n para Adhesi\u00f3n \/ Ratificaci\u00f3n<\/strong>*<\/strong><\/td><td class=\"has-text-align-center\" data-align=\"center\"><strong>Depositario<\/strong><\/td><\/tr><tr><td class=\"has-text-align-center\" data-align=\"center\"><a href=\"https:\/\/www.ohchr.org\/sites\/default\/files\/cerd_SP.pdf\" target=\"_blank\" rel=\"noreferrer noopener\">Convenci\u00f3n Internacional sobre la Eliminaci\u00f3n de todas las Formas de Discriminaci\u00f3n Racial<\/a><\/td><td class=\"has-text-align-center\" data-align=\"center\">Prohibir y hacer cesar la discriminaci\u00f3n racial practicada por personas, grupos u organizaciones; y estimular organizaciones y movimientos multirraciales integracionistas, y desalentar la divisi\u00f3n racial.<\/td><td class=\"has-text-align-center\" data-align=\"center\">1965<\/td><td class=\"has-text-align-center\" data-align=\"center\"><a href=\"http:\/\/gacetaoficialdebolivia.gob.bo\/normas\/buscar\/9345\" target=\"_blank\" rel=\"noreferrer noopener\">13 Agosto 1970<\/a><\/td><td class=\"has-text-align-center\" data-align=\"center\">Secretar\u00eda General de las Naciones Unidas<\/td><\/tr><tr><td class=\"has-text-align-center\" data-align=\"center\"><a href=\"https:\/\/www.ohchr.org\/sites\/default\/files\/ccpr_SP.pdf\" target=\"_blank\" rel=\"noreferrer noopener\">Pacto Internacional de Derechos Civiles y Pol\u00edticos (DCP)<\/a><\/td><td class=\"has-text-align-center\" data-align=\"center\">Garantizar la protecci\u00f3n de los derechos civiles y pol\u00edticos, como el derecho a la vida, el derecho a no ser discriminado y el derecho a la igualdad entre hombres y mujeres.<\/td><td class=\"has-text-align-center\" data-align=\"center\">1966<\/td><td class=\"has-text-align-center\" data-align=\"center\"><a href=\"http:\/\/gacetaoficialdebolivia.gob.bo\/normas\/buscar\/18950\" target=\"_blank\" rel=\"noreferrer noopener\">17 Mayo 1982<\/a><\/td><td class=\"has-text-align-center\" data-align=\"center\">Secretar\u00eda General de las Naciones Unidas<\/td><\/tr><tr><td class=\"has-text-align-center\" data-align=\"center\"><a href=\"https:\/\/www.ohchr.org\/sites\/default\/files\/cescr_SP.pdf\" target=\"_blank\" rel=\"noreferrer noopener\">Pacto Internacional de Derechos Econ\u00f3micos, Sociales y Culturales (DESC)<\/a><\/td><td class=\"has-text-align-center\" data-align=\"center\">Se ocupa de la abolici\u00f3n de la pena de muerte.<\/td><td class=\"has-text-align-center\" data-align=\"center\">1966<\/td><td class=\"has-text-align-center\" data-align=\"center\"><a href=\"http:\/\/gacetaoficialdebolivia.gob.bo\/normas\/buscar\/18950\" target=\"_blank\" rel=\"noreferrer noopener\">17 Mayo 1982<\/a><\/td><td class=\"has-text-align-center\" data-align=\"center\">Secretar\u00eda General de las Naciones Unidas<\/td><\/tr><tr><td class=\"has-text-align-center\" data-align=\"center\"><a href=\"https:\/\/www.ohchr.org\/es\/instruments-mechanisms\/instruments\/optional-protocol-international-covenant-civil-and-political\" target=\"_blank\" rel=\"noreferrer noopener\">Protocolo Facultativo del Pacto Internacional de Derechos Civiles y Pol\u00edticos<\/a><\/td><td class=\"has-text-align-center\" data-align=\"center\">Permitir a las personas presentar denuncias ante el Comit\u00e9 de Derechos Humanos si consideran que sus derechos han sido violados. Este protocolo solo se puede utilizar cuando se han agotado todos los canales nacionales.<\/td><td class=\"has-text-align-center\" data-align=\"center\">1966<\/td><td class=\"has-text-align-center\" data-align=\"center\"><a href=\"http:\/\/gacetaoficialdebolivia.gob.bo\/normas\/buscar\/18950\" target=\"_blank\" rel=\"noreferrer noopener\">17 Mayo 1982<\/a><\/td><td class=\"has-text-align-center\" data-align=\"center\">Secretar\u00eda General de las Naciones Unidas<\/td><\/tr><tr><td class=\"has-text-align-center\" data-align=\"center\"><a href=\"https:\/\/www.oas.org\/dil\/esp\/1969_Convenci%C3%B3n_Americana_sobre_Derechos_Humanos.pdf\" target=\"_blank\" rel=\"noreferrer noopener\">Convenci\u00f3n Americana sobre Derechos Humanos (Pacto de San Jos\u00e9)<\/a><\/td><td class=\"has-text-align-center\" data-align=\"center\">Promoci\u00f3n y protecci\u00f3n de los derechos humanos en los pa\u00edses de Am\u00e9rica.<\/td><td class=\"has-text-align-center\" data-align=\"center\">1969<\/td><td class=\"has-text-align-center\" data-align=\"center\"><a href=\"https:\/\/www.lexivox.org\/norms\/BO-L-1430.html\" target=\"_blank\" rel=\"noreferrer noopener\">11 Febrero 1993<\/a><\/td><td class=\"has-text-align-center\" data-align=\"center\">Secretar\u00eda General de la Organizaci\u00f3n de<br>los Estados Americanos<\/td><\/tr><tr><td class=\"has-text-align-center\" data-align=\"center\"><a href=\"https:\/\/www.ohchr.org\/sites\/default\/files\/cedaw_SP.pdf\" target=\"_blank\" rel=\"noreferrer noopener\">Convenci\u00f3n sobre la eliminaci\u00f3n de todas las formas de discriminaci\u00f3n contra la mujer<\/a><\/td><td class=\"has-text-align-center\" data-align=\"center\">Eliminar todas las formas de discriminaci\u00f3n contra las mujeres y las ni\u00f1as, prestando una especial atenci\u00f3n a la situaci\u00f3n de las mujeres ind\u00edgenas como grupos particularmente vulnerables y desaventajados.<\/td><td class=\"has-text-align-center\" data-align=\"center\">1979<\/td><td class=\"has-text-align-center\" data-align=\"center\"><a href=\"https:\/\/www.lexivox.org\/norms\/BO-L-1100.html\" target=\"_blank\" rel=\"noreferrer noopener\">15 Septiembre 1989<\/a><\/td><td class=\"has-text-align-center\" data-align=\"center\">Secretar\u00eda General de las Naciones Unidas<\/td><\/tr><tr><td class=\"has-text-align-center\" data-align=\"center\"><a href=\"https:\/\/www.oas.org\/es\/sadye\/inclusion-social\/protocolo-ssv\/docs\/protocolo-san-salvador-es.pdf\" target=\"_blank\" rel=\"noreferrer noopener\">Protocolo Adicional a la Convenci\u00f3n Americana sobre Derechos Humanos (Protocolo de San Salvador)<\/a><\/td><td class=\"has-text-align-center\" data-align=\"center\">Garantizar el ejercicio de los derechos econ\u00f3micos, sociales y culturales por parte de los Estados Americanos.<\/td><td class=\"has-text-align-center\" data-align=\"center\">1988<\/td><td class=\"has-text-align-center\" data-align=\"center\"><\/td><td class=\"has-text-align-center\" data-align=\"center\">Secretar\u00eda General de la Organizaci\u00f3n de<br>los Estados Americanos<\/td><\/tr><tr><td class=\"has-text-align-center\" data-align=\"center\"><a href=\"file:\/\/\/C:\/Users\/xpuig\/Downloads\/wcms_345065.pdf\" target=\"_blank\" rel=\"noreferrer noopener\">Convenio sobre pueblos ind\u00edgenas y tribales (Convenio 169 OIT)<\/a><\/td><td class=\"has-text-align-center\" data-align=\"center\">Proteger los derechos de los pueblos ind\u00edgenas y tribales, incluyendo el derecho a mantener y fortalecer sus culturas, formas de vida e instituciones propias, y su derecho a participar de manera efectiva en las decisiones que les afectan.<\/td><td class=\"has-text-align-center\" data-align=\"center\">1989<\/td><td class=\"has-text-align-center\" data-align=\"center\"><a href=\"https:\/\/www.lexivox.org\/norms\/BO-L-1257.html\" target=\"_blank\" rel=\"noreferrer noopener\">11 Julio 1991<\/a><\/td><td class=\"has-text-align-center\" data-align=\"center\">Organizaci\u00f3n Internacional del Trabajo (OIT)<\/td><\/tr><tr><td class=\"has-text-align-center\" data-align=\"center\"><a href=\"https:\/\/www.ohchr.org\/sites\/default\/files\/crc_SP.pdf\" target=\"_blank\" rel=\"noreferrer noopener\">Convenci\u00f3n sobre los Derechos del Ni\u00f1o (CDN)<\/a><\/td><td class=\"has-text-align-center\" data-align=\"center\">Proteger a los ni\u00f1os de la violencia, los abusos y los da\u00f1os; garantizar que los ni\u00f1os tengan acceso a la educaci\u00f3n y la atenci\u00f3n de la salud; permitir que los ni\u00f1os desarrollen sus capacidades y talentos; asegurar que los ni\u00f1os crezcan en un ambiente de amor, felicidad y comprensi\u00f3n; reconocer que los ni\u00f1os tienen derecho a expresar sus puntos de vista; garantizar que los ni\u00f1os no sean discriminados; y asegurar que los ni\u00f1os tengan un inicio saludable en la vida.<\/td><td class=\"has-text-align-center\" data-align=\"center\">1989<\/td><td class=\"has-text-align-center\" data-align=\"center\"><a href=\"http:\/\/gacetaoficialdebolivia.gob.bo\/normas\/buscar\/1152\" target=\"_blank\" rel=\"noreferrer noopener\">14 Mayo 1990<\/a><\/td><td class=\"has-text-align-center\" data-align=\"center\">Secretar\u00eda General de las Naciones Unidas<\/td><\/tr><tr><td class=\"has-text-align-center\" data-align=\"center\"><a href=\"https:\/\/www.ohchr.org\/es\/instruments-mechanisms\/instruments\/second-optional-protocol-international-covenant-civil-and\" target=\"_blank\" rel=\"noreferrer noopener\">Segundo Protocolo Facultativo del Pacto Internacional de Derechos Civiles y Pol\u00edticos, destinado a abolir la pena de muerte<\/a><\/td><td class=\"has-text-align-center\" data-align=\"center\">Abolir la pena de muerte en sus respectivos territorios, con una excepci\u00f3n: en caso de cr\u00edmenes graves en tiempos de guerra.<\/td><td class=\"has-text-align-center\" data-align=\"center\">1989<\/td><td class=\"has-text-align-center\" data-align=\"center\"><a href=\"https:\/\/www.lexivox.org\/norms\/BO-L-N358.html\" target=\"_blank\" rel=\"noreferrer noopener\">21 Abril 2013<\/a><\/td><td class=\"has-text-align-center\" data-align=\"center\">Secretar\u00eda General de las Naciones Unidas<\/td><\/tr><tr><td class=\"has-text-align-center\" data-align=\"center\"><a href=\"https:\/\/www.oas.org\/juridico\/spanish\/tratados\/a-53.html\" target=\"_blank\" rel=\"noreferrer noopener\">Protocolo a la Convenci\u00f3n Americana sobre Derechos Humanos relativo a la Abolici\u00f3n de la Pena de Muerte<\/a><\/td><td class=\"has-text-align-center\" data-align=\"center\">Consolidar la pr\u00e1ctica de no aplicar la pena de muerte en el continente americano.<\/td><td class=\"has-text-align-center\" data-align=\"center\">1990<\/td><td class=\"has-text-align-center\" data-align=\"center\"><a href=\"https:\/\/www.lexivox.org\/norms\/BO-L-3447.html\" target=\"_blank\" rel=\"noreferrer noopener\">21 Julio 2006<\/a><\/td><td class=\"has-text-align-center\" data-align=\"center\">Secretar\u00eda General de la Organizaci\u00f3n de<br>los Estados Americanos<\/td><\/tr><tr><td class=\"has-text-align-center\" data-align=\"center\"><a href=\"https:\/\/unfccc.int\/resource\/docs\/convkp\/convsp.pdf\" target=\"_blank\" rel=\"noreferrer noopener\">Convenio Marco de las Naciones Unidas sobre el Cambio Clim\u00e1tico (CMNUCC)<\/a><\/td><td class=\"has-text-align-center\" data-align=\"center\">Lograr la estabilizaci\u00f3n de las concentraciones de gases de efecto invernadero (GEI) en la atm\u00f3sfera a un nivel que impida  interferencias antrop\u00f3genas peligrosas en el sistema clim\u00e1tico.<\/td><td class=\"has-text-align-center\" data-align=\"center\">1992<\/td><td class=\"has-text-align-center\" data-align=\"center\"><a href=\"https:\/\/www.lexivox.org\/norms\/BO-L-1576.xhtml\" target=\"_blank\" rel=\"noreferrer noopener\">25 julio 1994<\/a><\/td><td class=\"has-text-align-center\" data-align=\"center\">Secretar\u00eda General de las Naciones Unidas<\/td><\/tr><tr><td class=\"has-text-align-center\" data-align=\"center\"><a href=\"https:\/\/www.cbd.int\/doc\/legal\/cbd-es.pdf\" target=\"_blank\" rel=\"noreferrer noopener\">Convenio sobre la Diversidad Biol\u00f3gica (CDB)<\/a><\/td><td class=\"has-text-align-center\" data-align=\"center\">Reconocer el derecho a las comunidades ind\u00edgenas y locales\u201d sobre \u201clos conocimientos, las innovaciones y las pr\u00e1cticas que entra\u00f1en estilos tradicionales de vida pertinentes para la conservaci\u00f3n y la utilizaci\u00f3n sostenible de la diversidad biol\u00f3gica, as\u00ed como a participar en su aplicaci\u00f3n m\u00e1s amplia y en los beneficios derivados de los mismos.<\/td><td class=\"has-text-align-center\" data-align=\"center\">1992<\/td><td class=\"has-text-align-center\" data-align=\"center\"><a href=\"http:\/\/www.gacetaoficialdebolivia.gob.bo\/edicions\/view\/1843\" target=\"_blank\" rel=\"noreferrer noopener\">25 Julio 1994<\/a><\/td><td class=\"has-text-align-center\" data-align=\"center\">Secretar\u00eda General de las Naciones Unidas<\/td><\/tr><tr><td class=\"has-text-align-center\" data-align=\"center\"><a href=\"https:\/\/www.ohchr.org\/es\/instruments-mechanisms\/instruments\/optional-protocol-convention-rights-child-sale-children-child\" target=\"_blank\" rel=\"noreferrer noopener\">Protocolo facultativo de la Convenci\u00f3n sobre los Derechos del Ni\u00f1o relativo a la venta de ni\u00f1os, la prostituci\u00f3n infantil y la utilizaci\u00f3n de ni\u00f1os en la pornograf\u00eda<\/a><\/td><td class=\"has-text-align-center\" data-align=\"center\">Poner fin a la explotaci\u00f3n y el abuso sexuales de los ni\u00f1os, y para protegerlos de la venta con objetivos no sexuales, como otras formas de trabajo forzoso, adopci\u00f3n ilegal y donaci\u00f3n de \u00f3rganos.<\/td><td class=\"has-text-align-center\" data-align=\"center\">2000<\/td><td class=\"has-text-align-center\" data-align=\"center\"><a href=\"https:\/\/www.lexivox.org\/norms\/BO-L-2367.xhtml\" target=\"_blank\" rel=\"noreferrer noopener\">7 Mayo 2002<\/a><\/td><td class=\"has-text-align-center\" data-align=\"center\">Secretar\u00eda General de las Naciones Unidas<\/td><\/tr><tr><td class=\"has-text-align-center\" data-align=\"center\"><a href=\"https:\/\/www.ohchr.org\/es\/instruments-mechanisms\/instruments\/optional-protocol-convention-rights-child-involvement-children\" target=\"_blank\" rel=\"noreferrer noopener\">Protocolo facultativo de la Convenci\u00f3n sobre los Derechos del Ni\u00f1o relativo a la participaci\u00f3n de ni\u00f1os en los conflictos armados<\/a><\/td><td class=\"has-text-align-center\" data-align=\"center\">Prohibir el reclutamiento de ni\u00f1os en las fuerzas armadas y en los grupos armados.<\/td><td class=\"has-text-align-center\" data-align=\"center\">2000<\/td><td class=\"has-text-align-center\" data-align=\"center\"><a href=\"https:\/\/www.lexivox.org\/norms\/BO-L-2827.xhtml\" target=\"_blank\" rel=\"noreferrer noopener\">3 Septiembre 2004<\/a><\/td><td class=\"has-text-align-center\" data-align=\"center\">Secretar\u00eda General de las Naciones Unidas<\/td><\/tr><tr><td class=\"has-text-align-center\" data-align=\"center\"><a href=\"https:\/\/www.un.org\/esa\/socdev\/unpfii\/documents\/DRIPS_es.pdf\" target=\"_blank\" rel=\"noreferrer noopener\">Declaraci\u00f3n de las Naciones Unidas sobre los derechos de los pueblos ind\u00edgenas<\/a><\/td><td class=\"has-text-align-center\" data-align=\"center\">Establecer los derechos humanos de los pueblos ind\u00edgenas, incluyendo: derecho a la libre determinaci\u00f3n y al autogobierno, derecho a decidir lo que es mejor para sus comunidades, derecho a participar en las decisiones que los afectan, derecho a la igualdad y a la no-discriminaci\u00f3n, derecho a la integridad cultural, derecho a la tierra, el territorio y los recursos naturales, derecho al consentimiento previo, libre e informado, y derecho a decidir sus propias identidades y procedimientos de pertenencia.<\/td><td class=\"has-text-align-center\" data-align=\"center\">2007<\/td><td class=\"has-text-align-center\" data-align=\"center\"><a href=\"https:\/\/www.lexivox.org\/norms\/BO-L-3760.xhtml\" target=\"_blank\" rel=\"noreferrer noopener\">7 Noviembre 2007<\/a><\/td><td class=\"has-text-align-center\" data-align=\"center\">Secretar\u00eda General de las Naciones Unidas<\/td><\/tr><tr><td class=\"has-text-align-center\" data-align=\"center\"><a href=\"https:\/\/www.ohchr.org\/es\/instruments-mechanisms\/instruments\/optional-protocol-international-covenant-economic-social-and\" target=\"_blank\" rel=\"noreferrer noopener\">Protocolo Facultativo del Pacto Internacional de Derechos Econ\u00f3micos, Sociales y Culturales<\/a><\/td><td class=\"has-text-align-center\" data-align=\"center\">Fortalecer el reconocimiento de los Derechos Econ\u00f3micos, Sociales y Culturales en las leyes nacionales y ante los tribunales estatales, promoviendo que las organizaciones de la sociedad civil supervisen mejor estos derechos.<\/td><td class=\"has-text-align-center\" data-align=\"center\">2008<\/td><td class=\"has-text-align-center\" data-align=\"center\"><a href=\"https:\/\/www.lexivox.org\/norms\/BO-L-N156.xhtml\" target=\"_blank\" rel=\"noreferrer noopener\">26 Julio 2011<\/a><\/td><td class=\"has-text-align-center\" data-align=\"center\">Secretar\u00eda General de las Naciones Unidas<\/td><\/tr><tr><td class=\"has-text-align-center\" data-align=\"center\"><a href=\"https:\/\/www.cbd.int\/doc\/publications\/akwe-brochure-es.pdf\" target=\"_blank\" rel=\"noreferrer noopener\">Directrices Akw\u00e9 Kon sobre los asuntos de los pueblos ind\u00edgenas (COP7)<\/a><\/td><td class=\"has-text-align-center\" data-align=\"center\">Establecer directrices voluntarias para realizar evaluaciones de las repercusiones culturales, ambientales, y sociales de proyectos de desarrollo que hayan de realizarse en lugares sagrados o en tierras o aguas ocupadas o utilizadas tradicionalmente por las comunidades ind\u00edgenas y locales, o que puedan afectar a esos lugares.<\/td><td class=\"has-text-align-center\" data-align=\"center\">2004<\/td><td class=\"has-text-align-center\" data-align=\"center\"><\/td><td class=\"has-text-align-center\" data-align=\"center\"><\/td><\/tr><tr><td class=\"has-text-align-center\" data-align=\"center\"><a href=\"https:\/\/unfccc.int\/sites\/default\/files\/spanish_paris_agreement.pdf\" target=\"_blank\" rel=\"noreferrer noopener\">Acuerdo de Paris de la CMNUCC (COP21)<\/a><\/td><td class=\"has-text-align-center\" data-align=\"center\">Reconocer la necesidad de fortalecer los conocimientos, las tecnolog\u00edas, las pr\u00e1cticas y los esfuerzos de las comunidades locales y los pueblos ind\u00edgenas en relaci\u00f3n con el tratamiento del cambio clim\u00e1tico y la respuesta a \u00e9ste (op. 135) y se reconoce que las medidas de adaptaci\u00f3n deben basarse en los mejores conocimientos cient\u00edficos disponibles y, seg\u00fan proceda, en los conocimientos tradicionales, los conocimientos de los pueblos ind\u00edgenas y los sistemas de conocimientos locales, y guiarse por ellos, con miras a integrar la adaptaci\u00f3n en las pol\u00edticas y medidas socioecon\u00f3micas y ambientales pertinentes.<\/td><td class=\"has-text-align-center\" data-align=\"center\">2015<\/td><td class=\"has-text-align-center\" data-align=\"center\"><a href=\"https:\/\/faolex.fao.org\/docs\/pdf\/bol159594.pdf\" target=\"_blank\" rel=\"noreferrer noopener\">17 Septiembre 2016<\/a><\/td><td class=\"has-text-align-center\" data-align=\"center\">Secretar\u00eda General de las Naciones Unidas<\/td><\/tr><tr><td class=\"has-text-align-center\" data-align=\"center\"><a href=\"https:\/\/www.oas.org\/es\/sadye\/documentos\/DADPI.pdf\" target=\"_blank\" rel=\"noreferrer noopener\">Declaraci\u00f3n Americana sobre los Derechos de los Pueblos Ind\u00edgenas<\/a><\/td><td class=\"has-text-align-center\" data-align=\"center\">Reconocer los derechos de los pueblos ind\u00edgenas, incluyendo el derecho a la libre determinaci\u00f3n, la consulta previa e informada, y el derecho a mantener y desarrollar sus propias culturas y tradiciones.<\/td><td class=\"has-text-align-center\" data-align=\"center\">2016<\/td><td class=\"has-text-align-center\" data-align=\"center\"><\/td><td class=\"has-text-align-center\" data-align=\"center\"><\/td><\/tr><tr><td class=\"has-text-align-center\" data-align=\"center\"><a href=\"https:\/\/repositorio.cepal.org\/server\/api\/core\/bitstreams\/a6049491-a9ee-4c53-ae7c-a8a17ca9504e\/content\" target=\"_blank\" rel=\"noreferrer noopener\">Acuerdo Regional sobre el Acceso a la Informaci\u00f3n, la Participaci\u00f3n P\u00fablica y el Acceso a la Justicia en Asuntos Ambientales en Am\u00e9rica Latina y el Caribe (Escaz\u00fa)<\/a><\/td><td class=\"has-text-align-center\" data-align=\"center\">Garantizar la implementaci\u00f3n plena y efectiva en Am\u00e9rica Latina y el Caribe de los derechos a: el acceso a la informaci\u00f3n ambiental, la participaci\u00f3n p\u00fablica en los procesos de toma de decisiones ambientales, y. el acceso a la justicia en asuntos ambientales.<\/td><td class=\"has-text-align-center\" data-align=\"center\">2018<\/td><td class=\"has-text-align-center\" data-align=\"center\"><a href=\"https:\/\/www.lexivox.org\/norms\/BO-L-N1182.html\" target=\"_blank\" rel=\"noreferrer noopener\">3 Junio 2019<\/a><\/td><td class=\"has-text-align-center\" data-align=\"center\">Secretar\u00eda General de las Naciones Unidas<\/td><\/tr><\/tbody><\/table><figcaption class=\"wp-element-caption\">Fuente: Red Pazinde (2025) a partir de Ministerio de Relaciones Exteriores del Estado Plurinacional de Bolivia, Agencias, Fondos y Programas del Sistema de las Naciones Unidas, Organismos Internacionales y Regionales.<br>* La fecha de Ratificaci\u00f3n\/Adhesi\u00f3n ser\u00e1 la de recepci\u00f3n de la documentaci\u00f3n por parte de la entidad depositaria.<\/figcaption><\/figure>","protected":false},"excerpt":{"rendered":"<p>CONVENIOS, TRATADOS y declaraciones Nombre Tem\u00e1tica \/ Prop\u00f3sito A\u00f1o Fecha de emisi\u00f3n de la legislaci\u00f3n para Adhesi\u00f3n \/ Ratificaci\u00f3n* Depositario Convenci\u00f3n Internacional sobre la Eliminaci\u00f3n de todas las Formas de Discriminaci\u00f3n Racial Prohibir y hacer cesar la discriminaci\u00f3n racial practicada por personas, grupos u organizaciones; y estimular organizaciones y movimientos multirraciales integracionistas, y desalentar la [&hellip;]<\/p>","protected":false},"author":1,"featured_media":0,"parent":0,"menu_order":0,"comment_status":"closed","ping_status":"closed","template":"","meta":{"give_campaign_id":0,"footnotes":""},"class_list":["post-157","page","type-page","status-publish","hentry"],"campaignId":"","amp_enabled":true,"_links":{"self":[{"href":"https:\/\/redpazinde.org\/en\/wp-json\/wp\/v2\/pages\/157","targetHints":{"allow":["GET"]}}],"collection":[{"href":"https:\/\/redpazinde.org\/en\/wp-json\/wp\/v2\/pages"}],"about":[{"href":"https:\/\/redpazinde.org\/en\/wp-json\/wp\/v2\/types\/page"}],"author":[{"embeddable":true,"href":"https:\/\/redpazinde.org\/en\/wp-json\/wp\/v2\/users\/1"}],"replies":[{"embeddable":true,"href":"https:\/\/redpazinde.org\/en\/wp-json\/wp\/v2\/comments?post=157"}],"version-history":[{"count":15,"href":"https:\/\/redpazinde.org\/en\/wp-json\/wp\/v2\/pages\/157\/revisions"}],"predecessor-version":[{"id":368,"href":"https:\/\/redpazinde.org\/en\/wp-json\/wp\/v2\/pages\/157\/revisions\/368"}],"wp:attachment":[{"href":"https:\/\/redpazinde.org\/en\/wp-json\/wp\/v2\/media?parent=157"}],"curies":[{"name":"wp","href":"https:\/\/api.w.org\/{rel}","templated":true}]}}