{"id":151,"date":"2025-01-03T02:24:34","date_gmt":"2025-01-03T02:24:34","guid":{"rendered":"https:\/\/redpazinde.org\/?page_id=151"},"modified":"2025-01-09T14:01:11","modified_gmt":"2025-01-09T14:01:11","slug":"derecho-internacional-ambiental","status":"publish","type":"page","link":"https:\/\/redpazinde.org\/en\/derecho-internacional-ambiental\/","title":{"rendered":"International Environmental Law - (page under translation)"},"content":{"rendered":"<h2 class=\"wp-block-heading\">CONVENIOS, TRATADOS y declaraciones<\/h2>\n\n\n\n<figure class=\"wp-block-table alignfull is-style-stripes\"><table class=\"has-fixed-layout\"><tbody><tr><td class=\"has-text-align-center\" data-align=\"center\"><strong>Nombre<\/strong><\/td><td class=\"has-text-align-center\" data-align=\"center\"><strong>Tem\u00e1tica \/ Prop\u00f3sito<\/strong><\/td><td class=\"has-text-align-center\" data-align=\"center\"><strong>A\u00f1o<\/strong><\/td><td class=\"has-text-align-center\" data-align=\"center\"><strong>Fecha de emisi\u00f3n de la legislaci\u00f3n para Adhesi\u00f3n \/ Ratificaci\u00f3n<\/strong>*<\/td><td class=\"has-text-align-center\" data-align=\"center\"><strong>Depositario<\/strong><\/td><\/tr><tr><td class=\"has-text-align-center\" data-align=\"center\"><a href=\"https:\/\/www.ramsar.org\/sites\/default\/files\/documents\/library\/current_convention_s.pdf\" target=\"_blank\" rel=\"noreferrer noopener\">Convenci\u00f3n de Ramsar sobre los Humedales<\/a><\/td><td class=\"has-text-align-center\" data-align=\"center\">Conservar y usar racionalmente los humedales mediante acciones locales y nacionales y gracias a la cooperaci\u00f3n internacional, como contribuci\u00f3n al logro de un desarrollo sostenible en todo el mundo<\/td><td class=\"has-text-align-center\" data-align=\"center\">1971<\/td><td class=\"has-text-align-center\" data-align=\"center\"><a href=\"https:\/\/www.lexivox.org\/norms\/BO-L-2357.pdf\" target=\"_blank\" rel=\"noreferrer noopener\">27 Junio 1990<\/a><\/td><td class=\"has-text-align-center\" data-align=\"center\">Organizaci\u00f3n de las<br>Naciones Unidas para la Educaci\u00f3n, la Ciencia y la Cultura (UNESCO)<\/td><\/tr><tr><td class=\"has-text-align-center\" data-align=\"center\"><a href=\"https:\/\/cites.org\/sites\/default\/files\/esp\/disc\/CITES-Convention-SP.pdf\" target=\"_blank\" rel=\"noreferrer noopener\">Convenci\u00f3n sobre el Comercio Internacional de Especies Amenazadas de Fauna y Flora Silvestres (CITES)<\/a><\/td><td class=\"has-text-align-center\" data-align=\"center\">Vigilar el comercio internacional de espec\u00edmenes de animales y plantas silvestres para que no sean una amenaza para la supervivencia de las especies.<\/td><td class=\"has-text-align-center\" data-align=\"center\">1973<\/td><td class=\"has-text-align-center\" data-align=\"center\"><a href=\"http:\/\/gacetaoficialdebolivia.gob.bo\/normas\/buscar\/16464\" target=\"_blank\" rel=\"noreferrer noopener\">17 Mayo 1979<\/a><\/td><td class=\"has-text-align-center\" data-align=\"center\">Secretario General de las Naciones Unidas<\/td><\/tr><tr><td class=\"has-text-align-center\" data-align=\"center\"><a href=\"https:\/\/otca.org\/wp-content\/uploads\/2020\/01\/TRATADO-DE-COOPERACI%C3%93N-AMAZ%C3%93NICA.pdf\" target=\"_blank\" rel=\"noreferrer noopener\">Tratado de Cooperaci\u00f3n Amaz\u00f3nica (TCA)<\/a><\/td><td class=\"has-text-align-center\" data-align=\"center\">Promover el desarrollo arm\u00f3nico de la Amazon\u00eda, y la incorporaci\u00f3n de sus territorios a las respectivas econom\u00edas nacionales, fundamental para el mantenimiento del equilibrio entre crecimiento econ\u00f3mico y preservaci\u00f3n del medio ambiente.<\/td><td class=\"has-text-align-center\" data-align=\"center\">1978<\/td><td class=\"has-text-align-center\" data-align=\"center\"><a href=\"https:\/\/www.vobolex.org\/bolivia\/decreto-ley-16811-del-19-julio-1979\/\" target=\"_blank\" rel=\"noreferrer noopener\">19 Julio 1979<\/a><\/td><td class=\"has-text-align-center\" data-align=\"center\">Gobierno de la Rep\u00fablica Federativa del<br>Brazil<\/td><\/tr><tr><td class=\"has-text-align-center\" data-align=\"center\"><a href=\"https:\/\/www.cms.int\/sites\/default\/files\/instrument\/ConvTextSpaAug92.PDF\" target=\"_blank\" rel=\"noreferrer noopener\">Convenci\u00f3n sobre la conservaci\u00f3n de las Especies Migratorias de Animales Silvestres (Bonn)<\/a><\/td><td class=\"has-text-align-center\" data-align=\"center\">Contribuir a la conservaci\u00f3n de las especies terrestres, marinas y aviarias de animales migratorios a lo largo de su \u00e1rea de distribuci\u00f3n.<\/td><td class=\"has-text-align-center\" data-align=\"center\">1979<\/td><td class=\"has-text-align-center\" data-align=\"center\"><a href=\"https:\/\/www.lexivox.org\/norms\/BO-L-2352.html\" target=\"_blank\" rel=\"noreferrer noopener\">7 Mayo 2002<\/a><\/td><td class=\"has-text-align-center\" data-align=\"center\">Secretario General de las Naciones Unidas<\/td><\/tr><tr><td class=\"has-text-align-center\" data-align=\"center\"><a href=\"https:\/\/ozone.unep.org\/sites\/default\/files\/2020-03\/The%20Ozone%20Treaties%20SP%20-%20WEB.pdf\" target=\"_blank\" rel=\"noreferrer noopener\">Convenio de Viena para la Protecci\u00f3n de la Capa de Ozono<\/a><\/td><td class=\"has-text-align-center\" data-align=\"center\">Establecer medidas para evitar que la capa de ozono se da\u00f1e y proteger la salud humana y el medio ambiente.<\/td><td class=\"has-text-align-center\" data-align=\"center\">1985<\/td><td class=\"has-text-align-center\" data-align=\"center\"><a href=\"https:\/\/www.lexivox.org\/norms\/BO-L-1584.html\" target=\"_blank\" rel=\"noreferrer noopener\">3 Agosto 1994<\/a><\/td><td class=\"has-text-align-center\" data-align=\"center\">Secretario General de las Naciones Unidas<\/td><\/tr><tr><td class=\"has-text-align-center\" data-align=\"center\"><a href=\"https:\/\/ozone.unep.org\/treaties\/montreal-protocol?q=treaties\/montreal-protocol\">Protocolo De Montreal Relativo a Las Sustancias Que Agotan La Capa De Ozono<\/a><\/td><td class=\"has-text-align-center\" data-align=\"center\">Proteger la capa de ozono de la estratosfera reduciendo la producci\u00f3n y el consumo de sustancias que la agotan.<\/td><td class=\"has-text-align-center\" data-align=\"center\">1987<\/td><td class=\"has-text-align-center\" data-align=\"center\"><a href=\"https:\/\/www.lexivox.org\/norms\/BO-L-1584.html\" target=\"_blank\" rel=\"noreferrer noopener\">3 Agosto 1994<\/a><\/td><td class=\"has-text-align-center\" data-align=\"center\">Secretario General de las Naciones Unidas<\/td><\/tr><tr><td class=\"has-text-align-center\" data-align=\"center\"><a href=\"http:\/\/www.basel.int\/portals\/4\/basel%20convention\/docs\/text\/baselconventiontext-s.pdf\" target=\"_blank\" rel=\"noreferrer noopener\">Convenio de Basilea sobre el Control de los Movimientos Transfronterizos de los Deshechos Peligrosos y su Eliminaci\u00f3n<\/a><\/td><td class=\"has-text-align-center\" data-align=\"center\">Reducir al m\u00ednimo la generaci\u00f3n de desechos peligrosos y su movimiento transfronterizo, as\u00ed como asegurar su manejo ambientalmente racional, para lo cual promueve la cooperaci\u00f3n internacional y crea mecanismos de coordinaci\u00f3n y seguimiento.<\/td><td class=\"has-text-align-center\" data-align=\"center\">1989<\/td><td class=\"has-text-align-center\" data-align=\"center\"><a href=\"https:\/\/www.lexivox.org\/norms\/BO-L-1698.html\" target=\"_blank\" rel=\"noreferrer noopener\">12 Julio 1996<\/a><\/td><td class=\"has-text-align-center\" data-align=\"center\">Secretario General de las Naciones Unidas<\/td><\/tr><tr><td class=\"has-text-align-center\" data-align=\"center\"><a href=\"https:\/\/unfccc.int\/resource\/docs\/convkp\/convsp.pdf\" target=\"_blank\" rel=\"noreferrer noopener\">Convenio Marco de las Naciones Unidas sobre el Cambio Clim\u00e1tico (CMNUCC)<\/a><\/td><td class=\"has-text-align-center\" data-align=\"center\">Lograr la estabilizaci\u00f3n de las concentraciones de gases de efecto invernadero (GEI) en la atm\u00f3sfera a un nivel que impida interferencias antrop\u00f3genas peligrosas en el sistema clim\u00e1tico.<\/td><td class=\"has-text-align-center\" data-align=\"center\">1992<\/td><td class=\"has-text-align-center\" data-align=\"center\"><a href=\"https:\/\/www.lexivox.org\/norms\/BO-L-1576.xhtml\" target=\"_blank\" rel=\"noreferrer noopener\">25 julio 1994<\/a><\/td><td class=\"has-text-align-center\" data-align=\"center\">Secretario General de las Naciones Unidas<\/td><\/tr><tr><td class=\"has-text-align-center\" data-align=\"center\"><a href=\"https:\/\/documents.un.org\/doc\/undoc\/gen\/n92\/836\/58\/pdf\/n9283658.pdf\" target=\"_blank\" rel=\"noreferrer noopener\">Conferencia de las Naciones Unidas sobre el Medio Ambiente y el Desarrollo (CNUMAD) &#8211; Declaraci\u00f3n de Rio<\/a><\/td><td class=\"has-text-align-center\" data-align=\"center\">Establecer una alianza global para proteger el medio ambiente y el desarrollo mundial proclamando principios.<\/td><td class=\"has-text-align-center\" data-align=\"center\">1992<\/td><td class=\"has-text-align-center\" data-align=\"center\"><\/td><td class=\"has-text-align-center\" data-align=\"center\"><\/td><\/tr><tr><td class=\"has-text-align-center\" data-align=\"center\"><a href=\"https:\/\/www.cbd.int\/doc\/legal\/cbd-es.pdf\" target=\"_blank\" rel=\"noreferrer noopener\">Convenio sobre la Diversidad Biol\u00f3gica (CDB)<\/a><\/td><td class=\"has-text-align-center\" data-align=\"center\">Conservar la diversidad biol\u00f3gica, la utilizaci\u00f3n sostenible de sus componentes y la participaci\u00f3n justa y equitativa en los beneficios que se deriven de la utilizaci\u00f3n de los recursos gen\u00e9ticos<\/td><td class=\"has-text-align-center\" data-align=\"center\">1992<\/td><td class=\"has-text-align-center\" data-align=\"center\"><a href=\"http:\/\/www.gacetaoficialdebolivia.gob.bo\/edicions\/view\/1843\" target=\"_blank\" rel=\"noreferrer noopener\">25 Julio 1994<\/a><\/td><td class=\"has-text-align-center\" data-align=\"center\">Secretario General de las Naciones Unidas<\/td><\/tr><tr><td class=\"has-text-align-center\" data-align=\"center\"><a href=\"https:\/\/www.unccd.int\/sites\/default\/files\/2022-02\/UNCCD_Convention_text_SPA.pdf\" target=\"_blank\" rel=\"noreferrer noopener\">Convenci\u00f3n Internacional de Lucha Contra la Desertificaci\u00f3n en Los Pa\u00edses Afectados por Sequ\u00eda Grave o Desertificaci\u00f3n en Particular en \u00c1frica (CNULD)<\/a><\/td><td class=\"has-text-align-center\" data-align=\"center\">Promover que las personas que viven en zonas afectadas por la desertificaci\u00f3n, la sequ\u00eda y la degradaci\u00f3n de las tierras, puedan mejorar el funcionamiento de los ecosistemas, crear medios de vida resilientes, y obtener beneficios a largo plazo.<\/td><td class=\"has-text-align-center\" data-align=\"center\">1994<\/td><td class=\"has-text-align-center\" data-align=\"center\"><a href=\"https:\/\/www.lexivox.org\/norms\/BO-L-1688.html\" target=\"_blank\" rel=\"noreferrer noopener\">27 Marzo 1996<\/a><\/td><td class=\"has-text-align-center\" data-align=\"center\">Secretario General de las Naciones Unidas<\/td><\/tr><tr><td class=\"has-text-align-center\" data-align=\"center\"><a href=\"https:\/\/unfccc.int\/resource\/docs\/convkp\/kpspan.pdf\" target=\"_blank\" rel=\"noreferrer noopener\">Protocolo de Kyoto de la CMNUCC (COP3)<\/a><\/td><td class=\"has-text-align-center\" data-align=\"center\">Reducir las emisiones de gases de efecto invernadero en el planeta y promover el crecimiento sustentable de los pa\u00edses en desarrollo.<\/td><td class=\"has-text-align-center\" data-align=\"center\">1997<\/td><td class=\"has-text-align-center\" data-align=\"center\"><a href=\"http:\/\/www.gacetaoficialdebolivia.gob.bo\/normas\/verGratis_gob\/22564\" target=\"_blank\" rel=\"noreferrer noopener\">22 Julio 1999<\/a><\/td><td class=\"has-text-align-center\" data-align=\"center\">Secretario General de las Naciones Unidas<\/td><\/tr><tr><td class=\"has-text-align-center\" data-align=\"center\"><a href=\"https:\/\/www.pic.int\/ElConvenio\/Generalidades\/TextodelConvenio\/tabid\/1980\/language\/es-CO\/Default.aspx\" target=\"_blank\" rel=\"noreferrer noopener\">Convenio de Rotterdam Para la Aplicaci\u00f3n del Procedimiento de Consentimiento Fundamentado Previo a Ciertos Plaguicidas y Productos Qu\u00edmicos Peligrosos Objeto de Comercio Internacional<\/a><\/td><td class=\"has-text-align-center\" data-align=\"center\">Regular el comercio internacional de ciertos productos qu\u00edmicos peligrosos para proteger la salud humana y el medio ambiente.<\/td><td class=\"has-text-align-center\" data-align=\"center\">1998<\/td><td class=\"has-text-align-center\" data-align=\"center\"><a href=\"https:\/\/www.lexivox.org\/norms\/BO-L-2469.html\" target=\"_blank\" rel=\"noreferrer noopener\">18 Junio 2003<\/a><\/td><td class=\"has-text-align-center\" data-align=\"center\">Secretario General de las Naciones Unidas<\/td><\/tr><tr><td class=\"has-text-align-center\" data-align=\"center\"><a href=\"https:\/\/bch.cbd.int\/protocol\/outreach\/new%20protocol%20text%202021\/cbd%20cartagenaprotocol%202020%20es-f%20web.pdf\" target=\"_blank\" rel=\"noreferrer noopener\">Protocolo de Cartagena sobre Seguridad de la Biotecnolog\u00eda del Convenio sobre Diversidad Biol\u00f3gica<\/a><\/td><td class=\"has-text-align-center\" data-align=\"center\">Proteger la diversidad biol\u00f3gica frente a los riesgos potenciales que presentan los organismos gen\u00e9ticamente modificados que resultan de la aplicaci\u00f3n de la biotecnolog\u00eda moderna.<\/td><td class=\"has-text-align-center\" data-align=\"center\">2000<\/td><td class=\"has-text-align-center\" data-align=\"center\"><a href=\"https:\/\/www.lexivox.org\/\/norms\/BO-L-2274.html\" target=\"_blank\" rel=\"noreferrer noopener\">22 Noviembre 2001<\/a><\/td><td class=\"has-text-align-center\" data-align=\"center\">Secretario General de las Naciones Unidas<\/td><\/tr><tr><td class=\"has-text-align-center\" data-align=\"center\"><a href=\"https:\/\/chm.pops.int\/Portals\/0\/download.aspx?d=UNEP-POPS-COP-CONVTEXT-2021.Spanish.pdf\" target=\"_blank\" rel=\"noreferrer noopener\">Convenio de Estocolmo sobre Contaminantes Org\u00e1nicos Persistentes<\/a><\/td><td class=\"has-text-align-center\" data-align=\"center\">Proteger la salud humana y el medio ambiente frente a los contaminantes org\u00e1nicos persistentes, as\u00ed como promover las mejores pr\u00e1cticas y tecnolog\u00edas disponibles para reemplazar estos contaminantes que se utilizan actualmente, y prevenir el desarrollo de nuevos contaminantes org\u00e1nicos persistentes a trav\u00e9s del fortalecimiento de las legislaciones nacionales y la instrumentaci\u00f3n de planes nacionales de implementaci\u00f3n para cumplir estos compromisos.<\/td><td class=\"has-text-align-center\" data-align=\"center\">2001<\/td><td class=\"has-text-align-center\" data-align=\"center\"><a href=\"https:\/\/www.lexivox.org\/norms\/BO-DS-28092.html\" target=\"_blank\" rel=\"noreferrer noopener\">22 Abril 2005<\/a><\/td><td class=\"has-text-align-center\" data-align=\"center\">Secretario General de las Naciones Unidas<\/td><\/tr><tr><td class=\"has-text-align-center\" data-align=\"center\"><a href=\"https:\/\/www.fao.org\/4\/i0510s\/i0510s00.htm\" target=\"_blank\" rel=\"noreferrer noopener\">Tratado Internacional sobre los Recursos Fitogen\u00e9ticos para la Alimentaci\u00f3n y la Agricultura<\/a><\/td><td class=\"has-text-align-center\" data-align=\"center\">Conservar y utilizar de forma sostenible de los recursos fitogen\u00e9ticos para la alimentaci\u00f3n y la agricultura y la distribuci\u00f3n justa y equitativa de los beneficios derivados de su utilizaci\u00f3n en armon\u00eda con el Convenio sobre la Diversidad Biol\u00f3gica, para una agricultura sostenible y la seguridad alimentaria.<\/td><td class=\"has-text-align-center\" data-align=\"center\">2001<\/td><td class=\"has-text-align-center\" data-align=\"center\"><a href=\"https:\/\/faolex.fao.org\/docs\/pdf\/bol156762.pdf\" target=\"_blank\" rel=\"noreferrer noopener\">25 Abril 2016<\/a><\/td><td class=\"has-text-align-center\" data-align=\"center\">Organizaci\u00f3n de las Naciones Unidas para la Alimentaci\u00f3n y la Agricultura (FAO)<\/td><\/tr><tr><td class=\"has-text-align-center\" data-align=\"center\"><a href=\"https:\/\/www.oas.org\/dsd\/Tool-kit\/Documentos\/MOduleII\/Acuerdo%20Marco%20Sobre%20Medio%20Ambiente%20del%20MERCOSUR.pdf\" target=\"_blank\" rel=\"noreferrer noopener\">Acuerdo Marco sobre Medio Ambiente del MERCOSUR<\/a><\/td><td class=\"has-text-align-center\" data-align=\"center\">Reafirmar el compromiso de cada Estado miembro respecto de los principios enunciados en la Declaraci\u00f3n de R\u00edo de Janeiro sobre Medio Ambiente y Desarrollo.<\/td><td class=\"has-text-align-center\" data-align=\"center\">2002<\/td><td class=\"has-text-align-center\" data-align=\"center\"><\/td><td class=\"has-text-align-center\" data-align=\"center\">Rep\u00fablica del Paraguay<\/td><\/tr><tr><td class=\"has-text-align-center\" data-align=\"center\"><a href=\"https:\/\/documents.un.org\/doc\/undoc\/gen\/n02\/636\/96\/pdf\/n0263696.pdf\" target=\"_blank\" rel=\"noreferrer noopener\">Cumbre Mundial sobre el Desarrollo Sostenible de Johannesburgo (Rio+10)<\/a><\/td><td class=\"has-text-align-center\" data-align=\"center\">Renovar el compromiso pol\u00edtico con el desarrollo sostenible.<\/td><td class=\"has-text-align-center\" data-align=\"center\">2002<\/td><td class=\"has-text-align-center\" data-align=\"center\"><\/td><td class=\"has-text-align-center\" data-align=\"center\"><\/td><\/tr><tr><td class=\"has-text-align-center\" data-align=\"center\"><a href=\"https:\/\/sustainabledevelopment.un.org\/content\/documents\/764Future-We-Want-SPANISH-for-Web.pdf\" target=\"_blank\" rel=\"noreferrer noopener\">Conferencia de las Naciones Unidas sobre el Desarrollo Sostenible de Rio (Rio+20)<\/a><\/td><td class=\"has-text-align-center\" data-align=\"center\">Asegurar un compromiso pol\u00edtico renovado para el desarrollo sostenible, evaluar el progreso y los vac\u00edos en la implementaci\u00f3n de los resultados de las cumbres anteriores, y desarrollar los Objetivos de Desarrollo Sostenible (ODS).<\/td><td class=\"has-text-align-center\" data-align=\"center\">2012<\/td><td class=\"has-text-align-center\" data-align=\"center\"><\/td><td class=\"has-text-align-center\" data-align=\"center\"><\/td><\/tr><tr><td class=\"has-text-align-center\" data-align=\"center\"><a href=\"https:\/\/unfccc.int\/files\/kyoto_protocol\/application\/pdf\/kp_doha_amendment_spanish.pdf\" target=\"_blank\" rel=\"noreferrer noopener\">Enmienda de Doha al Protocolo de Kyoto de la CMNUCC (COP18)<\/a><\/td><td class=\"has-text-align-center\" data-align=\"center\">Establecer un segundo per\u00edodo de compromisos para reducir las emisiones de gases de efecto invernadero.<\/td><td class=\"has-text-align-center\" data-align=\"center\">2012<\/td><td class=\"has-text-align-center\" data-align=\"center\"><a href=\"https:\/\/faolex.fao.org\/docs\/pdf\/bol193489.pdf\" target=\"_blank\" rel=\"noreferrer noopener\">18 Septiembre 2019<\/a><\/td><td class=\"has-text-align-center\" data-align=\"center\">Secretario General de las Naciones Unidas<\/td><\/tr><tr><td class=\"has-text-align-center\" data-align=\"center\"><a href=\"https:\/\/minamataconvention.org\/sites\/default\/files\/2021-06\/Minamata-Convention-booklet-Sep2019-SP.pdf\" target=\"_blank\" rel=\"noreferrer noopener\">Convenio de Minamata sobre el Mercurio<\/a><\/td><td class=\"has-text-align-center\" data-align=\"center\">Proteger la salud humana y el medioambiente de los efectos adversos del mercurio.<\/td><td class=\"has-text-align-center\" data-align=\"center\">2013<\/td><td class=\"has-text-align-center\" data-align=\"center\"><a href=\"https:\/\/www.lexivox.org\/norms\/BO-L-N759.pdf\" target=\"_blank\" rel=\"noreferrer noopener\">18 Noviembre 2015<\/a><\/td><td class=\"has-text-align-center\" data-align=\"center\">Secretario General de las Naciones Unidas<\/td><\/tr><tr><td class=\"has-text-align-center\" data-align=\"center\"><a href=\"https:\/\/www.cbd.int\/abs\/doc\/protocol\/nagoya-protocol-es.pdf\" target=\"_blank\" rel=\"noreferrer noopener\">Protocolo de Nagoya del CDB<\/a><\/td><td class=\"has-text-align-center\" data-align=\"center\">Garantizar una participaci\u00f3n justa y equitativa en los beneficios que se deriven de la utilizaci\u00f3n de los recursos gen\u00e9ticos.<\/td><td class=\"has-text-align-center\" data-align=\"center\">2014<\/td><td class=\"has-text-align-center\" data-align=\"center\"><a href=\"http:\/\/gacetaoficialdebolivia.gob.bo\/normas\/buscar\/811\" target=\"_blank\" rel=\"noreferrer noopener\">16 Junio 2016<\/a><\/td><td class=\"has-text-align-center\" data-align=\"center\">Secretario General de las Naciones Unidas<\/td><\/tr><tr><td class=\"has-text-align-center\" data-align=\"center\"><a href=\"https:\/\/unfccc.int\/sites\/default\/files\/spanish_paris_agreement.pdf\" target=\"_blank\" rel=\"noreferrer noopener\">Acuerdo de Paris de la CMNUCC (COP21)<\/a><\/td><td class=\"has-text-align-center\" data-align=\"center\">Mantener el aumento de la temperatura media mundial en este siglo lo m\u00e1s cerca posible de 1,5 grados cent\u00edgrados por encima de los niveles preindustriales.<\/td><td class=\"has-text-align-center\" data-align=\"center\">2015<\/td><td class=\"has-text-align-center\" data-align=\"center\"><a href=\"https:\/\/faolex.fao.org\/docs\/pdf\/bol159594.pdf\" target=\"_blank\" rel=\"noreferrer noopener\">17 Septiembre 2016<\/a><\/td><td class=\"has-text-align-center\" data-align=\"center\">Secretario General de las Naciones Unidas<\/td><\/tr><\/tbody><\/table><figcaption class=\"wp-element-caption\">Fuente: Red Pazinde (2025) a partir de Ministerio de Relaciones Exteriores del Estado Plurinacional de Bolivia, Agencias, Fondos y Programas del Sistema de las Naciones Unidas, Organismos Internacionales y Regionales.<br>* La fecha de Ratificaci\u00f3n\/Adhesi\u00f3n ser\u00e1 la de recepci\u00f3n de la documentaci\u00f3n por parte de la entidad depositaria.<\/figcaption><\/figure>","protected":false},"excerpt":{"rendered":"<p>CONVENIOS, TRATADOS y declaraciones Nombre Tem\u00e1tica \/ Prop\u00f3sito A\u00f1o Fecha de emisi\u00f3n de la legislaci\u00f3n para Adhesi\u00f3n \/ Ratificaci\u00f3n* Depositario Convenci\u00f3n de Ramsar sobre los Humedales Conservar y usar racionalmente los humedales mediante acciones locales y nacionales y gracias a la cooperaci\u00f3n internacional, como contribuci\u00f3n al logro de un desarrollo sostenible en todo el mundo [&hellip;]<\/p>","protected":false},"author":1,"featured_media":0,"parent":0,"menu_order":0,"comment_status":"closed","ping_status":"closed","template":"","meta":{"give_campaign_id":0,"footnotes":""},"class_list":["post-151","page","type-page","status-publish","hentry"],"campaignId":"","amp_enabled":true,"_links":{"self":[{"href":"https:\/\/redpazinde.org\/en\/wp-json\/wp\/v2\/pages\/151","targetHints":{"allow":["GET"]}}],"collection":[{"href":"https:\/\/redpazinde.org\/en\/wp-json\/wp\/v2\/pages"}],"about":[{"href":"https:\/\/redpazinde.org\/en\/wp-json\/wp\/v2\/types\/page"}],"author":[{"embeddable":true,"href":"https:\/\/redpazinde.org\/en\/wp-json\/wp\/v2\/users\/1"}],"replies":[{"embeddable":true,"href":"https:\/\/redpazinde.org\/en\/wp-json\/wp\/v2\/comments?post=151"}],"version-history":[{"count":16,"href":"https:\/\/redpazinde.org\/en\/wp-json\/wp\/v2\/pages\/151\/revisions"}],"predecessor-version":[{"id":531,"href":"https:\/\/redpazinde.org\/en\/wp-json\/wp\/v2\/pages\/151\/revisions\/531"}],"wp:attachment":[{"href":"https:\/\/redpazinde.org\/en\/wp-json\/wp\/v2\/media?parent=151"}],"curies":[{"name":"wp","href":"https:\/\/api.w.org\/{rel}","templated":true}]}}