{"id":149,"date":"2025-01-02T22:12:18","date_gmt":"2025-01-02T22:12:18","guid":{"rendered":"https:\/\/redpazinde.org\/?page_id=149"},"modified":"2025-04-03T19:16:08","modified_gmt":"2025-04-03T19:16:08","slug":"se-parte-del-cambio","status":"publish","type":"page","link":"https:\/\/redpazinde.org\/en\/se-parte-del-cambio\/","title":{"rendered":"Take action"},"content":{"rendered":"<div class='root-data-givewp-embed' data-form-locale='en_US' data-form-url='https:\/\/redpazinde.org\/?post_type=give_forms&amp;p=652' data-form-view-url='https:\/\/redpazinde.org\/en\/?givewp-route=donation-form-view&amp;form-id=652' data-src='https:\/\/redpazinde.org\/en\/?givewp-route=donation-form-view&amp;form-id=652' data-givewp-embed-id='give-form-shortcode-1' data-form-format='onpage' data-open-form-button='Donate now' style='--givewp-primary-color: #69b86b; --givewp-secondary-color: #f49420;'><\/div>\n\n\n<div class=\"wp-block-group is-nowrap is-layout-flex wp-container-core-group-is-layout-6c531013 wp-block-group-is-layout-flex\">\n<figure class=\"wp-block-embed is-type-wp-embed is-provider-jotform wp-block-embed-jotform\"><div class=\"wp-block-embed__wrapper\">\n<iframe class=\"wp-embedded-content\" sandbox=\"allow-scripts\" security=\"restricted\" height=\"750px\" src=\"https:\/\/oembed.jotform.com\/250016178902654#?secret=wUNhy5gOOx\" data-secret=\"wUNhy5gOOx\"><\/iframe>\n<\/div><\/figure>\n\n\n\n<div class=\"wp-block-group is-vertical is-layout-flex wp-container-core-group-is-layout-fe9cc265 wp-block-group-is-layout-flex\">\n<p class=\"has-text-align-center has-large-font-size\"><strong>Keep updated through our Newsletter<\/strong><\/p>\n\n\n\n<figure class=\"wp-block-embed is-type-wp-embed is-provider-jotform wp-block-embed-jotform\"><div class=\"wp-block-embed__wrapper\">\n<iframe class=\"wp-embedded-content\" sandbox=\"allow-scripts\" security=\"restricted\" height=\"539px\" src=\"https:\/\/oembed.jotform.com\/250016402289046#?secret=SvhPfbjkNj\" data-secret=\"SvhPfbjkNj\"><\/iframe>\n<\/div><\/figure>\n<\/div>\n\n\n\n<hr class=\"wp-block-separator has-alpha-channel-opacity\"\/>\n\n\n\n<hr class=\"wp-block-separator has-alpha-channel-opacity\"\/>\n<\/div>\n\n\n\n<div class=\"wp-block-group is-vertical is-layout-flex wp-container-core-group-is-layout-fe9cc265 wp-block-group-is-layout-flex\">\n<p><strong>CONVOCATORIAS PASADAS<\/strong><\/p>\n\n\n\n<p class=\"has-text-align-left\"><strong>Public Open Call<\/strong> be a consultant of the Project zivik.KP-019\/25<br>\u201cNetwork of environmental defenders in the Bolivian Amazon facing environmental conflicts due to mercury contamination and other environmental impacts and problems\u201d. Click on the text to access the terms of reference (TOR).<\/p>\n\n\n\n<p class=\"has-text-align-left\">Send your application to info@redpazinde.org by March 12th 2025.<br>Subject: Postulaci\u00f3n a \"ToR Name\"<\/p>\n\n\n\n<div class=\"wp-block-media-text has-media-on-the-right is-stacked-on-mobile\"><div class=\"wp-block-media-text__content\">\n<p><a href=\"https:\/\/drive.google.com\/file\/d\/1I42tiqLa39wFStEP61w2aCufk11o0fP1\/view?usp=sharing\" target=\"_blank\" rel=\"noreferrer noopener\">ToR Consulting Specialist in Sensitivity to the Conflict in Environmental Justice<\/a><\/p>\n\n\n\n<figure class=\"wp-block-image size-large\"><img loading=\"lazy\" decoding=\"async\" width=\"1024\" height=\"292\" src=\"https:\/\/redpazinde.org\/wp-content\/uploads\/2025\/03\/logo_ifa-1024x292.jpg\" alt=\"\" class=\"wp-image-670\" srcset=\"https:\/\/redpazinde.org\/wp-content\/uploads\/2025\/03\/logo_ifa-1024x292.jpg 1024w, https:\/\/redpazinde.org\/wp-content\/uploads\/2025\/03\/logo_ifa-300x85.jpg 300w, https:\/\/redpazinde.org\/wp-content\/uploads\/2025\/03\/logo_ifa-768x219.jpg 768w, https:\/\/redpazinde.org\/wp-content\/uploads\/2025\/03\/logo_ifa-1536x437.jpg 1536w, https:\/\/redpazinde.org\/wp-content\/uploads\/2025\/03\/logo_ifa-18x5.jpg 18w, https:\/\/redpazinde.org\/wp-content\/uploads\/2025\/03\/logo_ifa.jpg 1654w\" sizes=\"auto, (max-width: 1024px) 100vw, 1024px\" \/><\/figure>\n<\/div><figure class=\"wp-block-media-text__media\"><img loading=\"lazy\" decoding=\"async\" width=\"1024\" height=\"572\" src=\"https:\/\/redpazinde.org\/wp-content\/uploads\/2025\/03\/logo_Federal_Foreign_Office-1024x572.jpg\" alt=\"\" class=\"wp-image-669 size-full\" srcset=\"https:\/\/redpazinde.org\/wp-content\/uploads\/2025\/03\/logo_Federal_Foreign_Office-1024x572.jpg 1024w, https:\/\/redpazinde.org\/wp-content\/uploads\/2025\/03\/logo_Federal_Foreign_Office-300x168.jpg 300w, https:\/\/redpazinde.org\/wp-content\/uploads\/2025\/03\/logo_Federal_Foreign_Office-768x429.jpg 768w, https:\/\/redpazinde.org\/wp-content\/uploads\/2025\/03\/logo_Federal_Foreign_Office-18x10.jpg 18w, https:\/\/redpazinde.org\/wp-content\/uploads\/2025\/03\/logo_Federal_Foreign_Office.jpg 1432w\" sizes=\"auto, (max-width: 1024px) 100vw, 1024px\" \/><\/figure><\/div>\n\n\n\n<div class=\"wp-block-media-text has-media-on-the-right is-stacked-on-mobile\"><div class=\"wp-block-media-text__content\">\n<p><a href=\"https:\/\/drive.google.com\/file\/d\/1XJHxv215q1x-s6BJ49WA0OMVNfLGKk56\/view?usp=sharing\" target=\"_blank\" rel=\"noreferrer noopener\">ToR Consulting for Training Indigenous Populations<\/a><\/p>\n\n\n\n<figure class=\"wp-block-image size-large\"><img loading=\"lazy\" decoding=\"async\" width=\"1024\" height=\"292\" src=\"https:\/\/redpazinde.org\/wp-content\/uploads\/2025\/03\/logo_ifa-1024x292.jpg\" alt=\"\" class=\"wp-image-670\" srcset=\"https:\/\/redpazinde.org\/wp-content\/uploads\/2025\/03\/logo_ifa-1024x292.jpg 1024w, https:\/\/redpazinde.org\/wp-content\/uploads\/2025\/03\/logo_ifa-300x85.jpg 300w, https:\/\/redpazinde.org\/wp-content\/uploads\/2025\/03\/logo_ifa-768x219.jpg 768w, https:\/\/redpazinde.org\/wp-content\/uploads\/2025\/03\/logo_ifa-1536x437.jpg 1536w, https:\/\/redpazinde.org\/wp-content\/uploads\/2025\/03\/logo_ifa-18x5.jpg 18w, https:\/\/redpazinde.org\/wp-content\/uploads\/2025\/03\/logo_ifa.jpg 1654w\" sizes=\"auto, (max-width: 1024px) 100vw, 1024px\" \/><\/figure>\n<\/div><figure class=\"wp-block-media-text__media\"><img loading=\"lazy\" decoding=\"async\" width=\"1024\" height=\"572\" src=\"https:\/\/redpazinde.org\/wp-content\/uploads\/2025\/03\/logo_Federal_Foreign_Office-1024x572.jpg\" alt=\"\" class=\"wp-image-669 size-full\" srcset=\"https:\/\/redpazinde.org\/wp-content\/uploads\/2025\/03\/logo_Federal_Foreign_Office-1024x572.jpg 1024w, https:\/\/redpazinde.org\/wp-content\/uploads\/2025\/03\/logo_Federal_Foreign_Office-300x168.jpg 300w, https:\/\/redpazinde.org\/wp-content\/uploads\/2025\/03\/logo_Federal_Foreign_Office-768x429.jpg 768w, https:\/\/redpazinde.org\/wp-content\/uploads\/2025\/03\/logo_Federal_Foreign_Office-18x10.jpg 18w, https:\/\/redpazinde.org\/wp-content\/uploads\/2025\/03\/logo_Federal_Foreign_Office.jpg 1432w\" sizes=\"auto, (max-width: 1024px) 100vw, 1024px\" \/><\/figure><\/div>\n\n\n\n<div class=\"wp-block-media-text has-media-on-the-right is-stacked-on-mobile\"><div class=\"wp-block-media-text__content\">\n<p><a href=\"https:\/\/drive.google.com\/file\/d\/1hvnZvmiP0Vbz9cS79GyVoufNghDHr6RW\/view?usp=sharing\" target=\"_blank\" rel=\"noreferrer noopener\">ToR Consulting Specialist in Strategic Communication<\/a><\/p>\n\n\n\n<figure class=\"wp-block-image size-large\"><img loading=\"lazy\" decoding=\"async\" width=\"1024\" height=\"292\" src=\"https:\/\/redpazinde.org\/wp-content\/uploads\/2025\/03\/logo_ifa-1024x292.jpg\" alt=\"\" class=\"wp-image-670\" srcset=\"https:\/\/redpazinde.org\/wp-content\/uploads\/2025\/03\/logo_ifa-1024x292.jpg 1024w, https:\/\/redpazinde.org\/wp-content\/uploads\/2025\/03\/logo_ifa-300x85.jpg 300w, https:\/\/redpazinde.org\/wp-content\/uploads\/2025\/03\/logo_ifa-768x219.jpg 768w, https:\/\/redpazinde.org\/wp-content\/uploads\/2025\/03\/logo_ifa-1536x437.jpg 1536w, https:\/\/redpazinde.org\/wp-content\/uploads\/2025\/03\/logo_ifa-18x5.jpg 18w, https:\/\/redpazinde.org\/wp-content\/uploads\/2025\/03\/logo_ifa.jpg 1654w\" sizes=\"auto, (max-width: 1024px) 100vw, 1024px\" \/><\/figure>\n<\/div><figure class=\"wp-block-media-text__media\"><img loading=\"lazy\" decoding=\"async\" width=\"1024\" height=\"572\" src=\"https:\/\/redpazinde.org\/wp-content\/uploads\/2025\/03\/logo_Federal_Foreign_Office-1024x572.jpg\" alt=\"\" class=\"wp-image-669 size-full\" srcset=\"https:\/\/redpazinde.org\/wp-content\/uploads\/2025\/03\/logo_Federal_Foreign_Office-1024x572.jpg 1024w, https:\/\/redpazinde.org\/wp-content\/uploads\/2025\/03\/logo_Federal_Foreign_Office-300x168.jpg 300w, https:\/\/redpazinde.org\/wp-content\/uploads\/2025\/03\/logo_Federal_Foreign_Office-768x429.jpg 768w, https:\/\/redpazinde.org\/wp-content\/uploads\/2025\/03\/logo_Federal_Foreign_Office-18x10.jpg 18w, https:\/\/redpazinde.org\/wp-content\/uploads\/2025\/03\/logo_Federal_Foreign_Office.jpg 1432w\" sizes=\"auto, (max-width: 1024px) 100vw, 1024px\" \/><\/figure><\/div>\n<\/div>\n\n\n\n<div class=\"give-blank-slate\">\n\t\t\t<img decoding=\"async\" class=\"give-blank-slate__image\" src=\"https:\/\/redpazinde.org\/wp-content\/plugins\/give\/build\/assets\/dist\/images\/give-icon-full-circle.svg\" alt=\"GiveWP Icon\">\n\t\n\t\t\t<h2 class=\"give-blank-slate__heading\">No donors found.<\/h2>\n\t\n\t\n\t\n\t\t\t<p class=\"give-blank-slate__help\">\n\t\t\tNeed help? Learn more about <a href=\"http:\/\/docs.givewp.com\/core-donors\/\">Donors<\/a>.\t\t<\/p>\n\t<\/div>\n\n\n\n<hr class=\"wp-block-separator has-alpha-channel-opacity\"\/>","protected":false},"excerpt":{"rendered":"<p>Mantente al d\u00eda con nuestra Newsletter CONVOCATORIAS PASADAS Convocatoria P\u00fablica para consultor\u00edas en el marco del Proyecto zivik.KP-019\/25\u201cRed de defensores ambientales en la Amazon\u00eda boliviana frente a conflictos ambientales por contaminaci\u00f3n con mercurio y otros impactos y problem\u00e1ticas ambientales\u201d. Haga clic en el texto para acceder a los t\u00e9rminos de referencia (TDR). Env\u00ede su postulaci\u00f3n [&hellip;]<\/p>","protected":false},"author":1,"featured_media":0,"parent":0,"menu_order":0,"comment_status":"closed","ping_status":"closed","template":"","meta":{"give_campaign_id":0,"footnotes":""},"class_list":["post-149","page","type-page","status-publish","hentry"],"campaignId":"","amp_enabled":true,"_links":{"self":[{"href":"https:\/\/redpazinde.org\/en\/wp-json\/wp\/v2\/pages\/149","targetHints":{"allow":["GET"]}}],"collection":[{"href":"https:\/\/redpazinde.org\/en\/wp-json\/wp\/v2\/pages"}],"about":[{"href":"https:\/\/redpazinde.org\/en\/wp-json\/wp\/v2\/types\/page"}],"author":[{"embeddable":true,"href":"https:\/\/redpazinde.org\/en\/wp-json\/wp\/v2\/users\/1"}],"replies":[{"embeddable":true,"href":"https:\/\/redpazinde.org\/en\/wp-json\/wp\/v2\/comments?post=149"}],"version-history":[{"count":18,"href":"https:\/\/redpazinde.org\/en\/wp-json\/wp\/v2\/pages\/149\/revisions"}],"predecessor-version":[{"id":680,"href":"https:\/\/redpazinde.org\/en\/wp-json\/wp\/v2\/pages\/149\/revisions\/680"}],"wp:attachment":[{"href":"https:\/\/redpazinde.org\/en\/wp-json\/wp\/v2\/media?parent=149"}],"curies":[{"name":"wp","href":"https:\/\/api.w.org\/{rel}","templated":true}]}}